{"id":1852,"date":"2024-05-02T15:30:35","date_gmt":"2024-05-02T18:30:35","guid":{"rendered":"https:\/\/parroquiasantisimatrinidadbsas.com\/?page_id=1852"},"modified":"2024-09-15T10:31:19","modified_gmt":"2024-09-15T13:31:19","slug":"misas-en-vivo","status":"publish","type":"page","link":"https:\/\/parroquiasantisimatrinidadbsas.com\/index.php\/misas-en-vivo\/","title":{"rendered":"Misas en Vivo"},"content":{"rendered":"<style>\/*! elementor - v3.21.0 - 30-04-2024 *\/<br \/>\n.elementor-heading-title{padding:0;margin:0;line-height:1}.elementor-widget-heading .elementor-heading-title[class*=elementor-size-]>a{color:inherit;font-size:inherit;line-height:inherit}.elementor-widget-heading .elementor-heading-title.elementor-size-small{font-size:15px}.elementor-widget-heading .elementor-heading-title.elementor-size-medium{font-size:19px}.elementor-widget-heading .elementor-heading-title.elementor-size-large{font-size:29px}.elementor-widget-heading .elementor-heading-title.elementor-size-xl{font-size:39px}.elementor-widget-heading .elementor-heading-title.elementor-size-xxl{font-size:59px}<\/style>\n<h2><span style=\"vertical-align: inherit;\"><span style=\"vertical-align: inherit;\">TRANSMISI\u00d3N DE LA SANTA MISA<\/span><\/span><\/h2>\n<style>\/*! elementor - v3.21.0 - 30-04-2024 *\/<br \/>\n.elementor-widget-image{text-align:center}.elementor-widget-image a{display:inline-block}.elementor-widget-image a img[src$=\".svg\"]{width:48px}.elementor-widget-image img{vertical-align:middle;display:inline-block}<\/style>\n<p><img fetchpriority=\"high\" decoding=\"async\" src=\"http:\/\/parroquiasantisimatrinidadbsas.com\/wp-content\/uploads\/2024\/05\/Captura-de-pantalla-116-1024x624.png\" sizes=\"(max-width: 1024px) 100vw, 1024px\" srcset=\"https:\/\/parroquiasantisimatrinidadbsas.com\/wp-content\/uploads\/2024\/05\/Captura-de-pantalla-116-1024x624.png 1024w, https:\/\/parroquiasantisimatrinidadbsas.com\/wp-content\/uploads\/2024\/05\/Captura-de-pantalla-116-300x183.png 300w, https:\/\/parroquiasantisimatrinidadbsas.com\/wp-content\/uploads\/2024\/05\/Captura-de-pantalla-116-768x468.png 768w, https:\/\/parroquiasantisimatrinidadbsas.com\/wp-content\/uploads\/2024\/05\/Captura-de-pantalla-116-600x366.png 600w, https:\/\/parroquiasantisimatrinidadbsas.com\/wp-content\/uploads\/2024\/05\/Captura-de-pantalla-116.png 1419w\" alt=\"\" width=\"1024\" height=\"624\" \/><\/p>\n<h3><span style=\"vertical-align: inherit;\"><span style=\"vertical-align: inherit;\">Nuestro Perfil en Youtube<\/span><\/span><\/h3>\n<style>\/*! elementor - v3.21.0 - 30-04-2024 *\/<br \/>\n.elementor-widget-divider{--divider-border-style:none;--divider-border-width:1px;--divider-color:#0c0d0e;--divider-icon-size:20px;--divider-element-spacing:10px;--divider-pattern-height:24px;--divider-pattern-size:20px;--divider-pattern-url:none;--divider-pattern-repeat:repeat-x}.elementor-widget-divider .elementor-divider{display:flex}.elementor-widget-divider .elementor-divider__text{font-size:15px;line-height:1;max-width:95%}.elementor-widget-divider .elementor-divider__element{margin:0 var(--divider-element-spacing);flex-shrink:0}.elementor-widget-divider .elementor-icon{font-size:var(--divider-icon-size)}.elementor-widget-divider .elementor-divider-separator{display:flex;margin:0;direction:ltr}.elementor-widget-divider--view-line_icon .elementor-divider-separator,.elementor-widget-divider--view-line_text .elementor-divider-separator{align-items:center}.elementor-widget-divider--view-line_icon .elementor-divider-separator:after,.elementor-widget-divider--view-line_icon .elementor-divider-separator:before,.elementor-widget-divider--view-line_text .elementor-divider-separator:after,.elementor-widget-divider--view-line_text .elementor-divider-separator:before{display:block;content:\"\";border-block-end:0;flex-grow:1;border-block-start:var(--divider-border-width) var(--divider-border-style) var(--divider-color)}.elementor-widget-divider--element-align-left .elementor-divider .elementor-divider-separator>.elementor-divider__svg:first-of-type{flex-grow:0;flex-shrink:100}.elementor-widget-divider--element-align-left .elementor-divider-separator:before{content:none}.elementor-widget-divider--element-align-left .elementor-divider__element{margin-left:0}.elementor-widget-divider--element-align-right .elementor-divider .elementor-divider-separator>.elementor-divider__svg:last-of-type{flex-grow:0;flex-shrink:100}.elementor-widget-divider--element-align-right .elementor-divider-separator:after{content:none}.elementor-widget-divider--element-align-right .elementor-divider__element{margin-right:0}.elementor-widget-divider--element-align-start .elementor-divider .elementor-divider-separator>.elementor-divider__svg:first-of-type{flex-grow:0;flex-shrink:100}.elementor-widget-divider--element-align-start .elementor-divider-separator:before{content:none}.elementor-widget-divider--element-align-start .elementor-divider__element{margin-inline-start:0}.elementor-widget-divider--element-align-end .elementor-divider .elementor-divider-separator>.elementor-divider__svg:last-of-type{flex-grow:0;flex-shrink:100}.elementor-widget-divider--element-align-end .elementor-divider-separator:after{content:none}.elementor-widget-divider--element-align-end .elementor-divider__element{margin-inline-end:0}.elementor-widget-divider:not(.elementor-widget-divider--view-line_text):not(.elementor-widget-divider--view-line_icon) .elementor-divider-separator{border-block-start:var(--divider-border-width) var(--divider-border-style) var(--divider-color)}.elementor-widget-divider--separator-type-pattern{--divider-border-style:none}.elementor-widget-divider--separator-type-pattern.elementor-widget-divider--view-line .elementor-divider-separator,.elementor-widget-divider--separator-type-pattern:not(.elementor-widget-divider--view-line) .elementor-divider-separator:after,.elementor-widget-divider--separator-type-pattern:not(.elementor-widget-divider--view-line) .elementor-divider-separator:before,.elementor-widget-divider--separator-type-pattern:not([class*=elementor-widget-divider--view]) .elementor-divider-separator{width:100%;min-height:var(--divider-pattern-height);-webkit-mask-size:var(--divider-pattern-size) 100%;mask-size:var(--divider-pattern-size) 100%;-webkit-mask-repeat:var(--divider-pattern-repeat);mask-repeat:var(--divider-pattern-repeat);background-color:var(--divider-color);-webkit-mask-image:var(--divider-pattern-url);mask-image:var(--divider-pattern-url)}.elementor-widget-divider--no-spacing{--divider-pattern-size:auto}.elementor-widget-divider--bg-round{--divider-pattern-repeat:round}.rtl .elementor-widget-divider .elementor-divider__text{direction:rtl}.e-con-inner>.elementor-widget-divider,.e-con>.elementor-widget-divider{width:var(--container-widget-width,100%);--flex-grow:var(--container-widget-flex-grow)}<\/style>\n<p><span style=\"vertical-align: inherit;\"><span style=\"vertical-align: inherit;\">Busca la Secci\u00f3n de Videos &#8220;EN VIVO&#8221;<\/span><\/span><\/p>\n<p><a href=\"https:\/\/www.youtube.com\/@parroquiasantisimatrinidad9291\/streams\"><br \/>\n<span style=\"vertical-align: inherit;\"><span style=\"vertical-align: inherit;\">Youtube en vivo<\/span><\/span><br \/>\n<\/a><\/p>\n<h3><span style=\"vertical-align: inherit;\"><span style=\"vertical-align: inherit;\">Nuestro Perfil en Facebook<\/span><\/span><\/h3>\n<p><span style=\"vertical-align: inherit;\"><span style=\"vertical-align: inherit;\">Tambi\u00e9n Transmitimos en nuestro perfil de facebook.<\/span><\/span><\/p>\n<p><a href=\"https:\/\/www.facebook.com\/parroquiasantisimatrinidadbsas\/live_videos\"><br \/>\n<span style=\"vertical-align: inherit;\"><span style=\"vertical-align: inherit;\">Facebook en vivo<\/span><\/span><br \/>\n<\/a><br \/>\n<img decoding=\"async\" src=\"http:\/\/parroquiasantisimatrinidadbsas.com\/wp-content\/uploads\/2024\/05\/Captura-de-pantalla-117-1024x637.png\" sizes=\"(max-width: 1024px) 100vw, 1024px\" srcset=\"https:\/\/parroquiasantisimatrinidadbsas.com\/wp-content\/uploads\/2024\/05\/Captura-de-pantalla-117-1024x637.png 1024w, https:\/\/parroquiasantisimatrinidadbsas.com\/wp-content\/uploads\/2024\/05\/Captura-de-pantalla-117-300x186.png 300w, https:\/\/parroquiasantisimatrinidadbsas.com\/wp-content\/uploads\/2024\/05\/Captura-de-pantalla-117-768x477.png 768w, https:\/\/parroquiasantisimatrinidadbsas.com\/wp-content\/uploads\/2024\/05\/Captura-de-pantalla-117-600x373.png 600w, https:\/\/parroquiasantisimatrinidadbsas.com\/wp-content\/uploads\/2024\/05\/Captura-de-pantalla-117.png 1184w\" alt=\"\" width=\"1024\" height=\"637\" \/><\/p>\n","protected":false},"excerpt":{"rendered":"<p>TRANSMISI\u00d3N DE LA SANTA MISA Nuestro Perfil en Youtube Busca la Secci\u00f3n de Videos &#8220;EN VIVO&#8221; Youtube en vivo Nuestro Perfil en Facebook Tambi\u00e9n Transmitimos en nuestro perfil de facebook. Facebook en vivo<\/p>\n","protected":false},"author":1,"featured_media":0,"parent":0,"menu_order":0,"comment_status":"closed","ping_status":"closed","template":"","meta":{"give_campaign_id":0,"om_disable_all_campaigns":false,"site-sidebar-layout":"no-sidebar","site-content-layout":"page-builder","ast-site-content-layout":"full-width-container","site-content-style":"unboxed","site-sidebar-style":"unboxed","ast-global-header-display":"","ast-banner-title-visibility":"","ast-main-header-display":"","ast-hfb-above-header-display":"","ast-hfb-below-header-display":"","ast-hfb-mobile-header-display":"","site-post-title":"disabled","ast-breadcrumbs-content":"","ast-featured-img":"disabled","footer-sml-layout":"","theme-transparent-header-meta":"","adv-header-id-meta":"","stick-header-meta":"","header-above-stick-meta":"","header-main-stick-meta":"","header-below-stick-meta":"","astra-migrate-meta-layouts":"set","ast-page-background-enabled":"default","ast-page-background-meta":{"desktop":{"background-color":"var(--ast-global-color-4)","background-image":"","background-repeat":"repeat","background-position":"center center","background-size":"auto","background-attachment":"scroll","background-type":"","background-media":"","overlay-type":"","overlay-color":"","overlay-opacity":"","overlay-gradient":""},"tablet":{"background-color":"","background-image":"","background-repeat":"repeat","background-position":"center center","background-size":"auto","background-attachment":"scroll","background-type":"","background-media":"","overlay-type":"","overlay-color":"","overlay-opacity":"","overlay-gradient":""},"mobile":{"background-color":"","background-image":"","background-repeat":"repeat","background-position":"center center","background-size":"auto","background-attachment":"scroll","background-type":"","background-media":"","overlay-type":"","overlay-color":"","overlay-opacity":"","overlay-gradient":""}},"ast-content-background-meta":{"desktop":{"background-color":"var(--ast-global-color-5)","background-image":"","background-repeat":"repeat","background-position":"center center","background-size":"auto","background-attachment":"scroll","background-type":"","background-media":"","overlay-type":"","overlay-color":"","overlay-opacity":"","overlay-gradient":""},"tablet":{"background-color":"var(--ast-global-color-5)","background-image":"","background-repeat":"repeat","background-position":"center center","background-size":"auto","background-attachment":"scroll","background-type":"","background-media":"","overlay-type":"","overlay-color":"","overlay-opacity":"","overlay-gradient":""},"mobile":{"background-color":"var(--ast-global-color-5)","background-image":"","background-repeat":"repeat","background-position":"center center","background-size":"auto","background-attachment":"scroll","background-type":"","background-media":"","overlay-type":"","overlay-color":"","overlay-opacity":"","overlay-gradient":""}},"footnotes":""},"class_list":["post-1852","page","type-page","status-publish","hentry"],"aioseo_notices":[],"campaignId":"","_links":{"self":[{"href":"https:\/\/parroquiasantisimatrinidadbsas.com\/index.php\/wp-json\/wp\/v2\/pages\/1852","targetHints":{"allow":["GET"]}}],"collection":[{"href":"https:\/\/parroquiasantisimatrinidadbsas.com\/index.php\/wp-json\/wp\/v2\/pages"}],"about":[{"href":"https:\/\/parroquiasantisimatrinidadbsas.com\/index.php\/wp-json\/wp\/v2\/types\/page"}],"author":[{"embeddable":true,"href":"https:\/\/parroquiasantisimatrinidadbsas.com\/index.php\/wp-json\/wp\/v2\/users\/1"}],"replies":[{"embeddable":true,"href":"https:\/\/parroquiasantisimatrinidadbsas.com\/index.php\/wp-json\/wp\/v2\/comments?post=1852"}],"version-history":[{"count":6,"href":"https:\/\/parroquiasantisimatrinidadbsas.com\/index.php\/wp-json\/wp\/v2\/pages\/1852\/revisions"}],"predecessor-version":[{"id":2237,"href":"https:\/\/parroquiasantisimatrinidadbsas.com\/index.php\/wp-json\/wp\/v2\/pages\/1852\/revisions\/2237"}],"wp:attachment":[{"href":"https:\/\/parroquiasantisimatrinidadbsas.com\/index.php\/wp-json\/wp\/v2\/media?parent=1852"}],"curies":[{"name":"wp","href":"https:\/\/api.w.org\/{rel}","templated":true}]}}